{"id":54,"date":"2018-02-05T09:25:28","date_gmt":"2018-02-05T07:25:28","guid":{"rendered":"http:\/\/www.campingtornio.com\/?page_id=54"},"modified":"2021-03-02T11:42:46","modified_gmt":"2021-03-02T09:42:46","slug":"stugor","status":"publish","type":"page","link":"https:\/\/www.campingtornio.com\/mokit\/","title":{"rendered":"Stugor","raw":"Stugor"},"content":{"rendered":"<p>V\u00e5r campingplats har stugorna av alla slag. Du kan v\u00e4lja mellan en mindre campingstuga eller ett st\u00f6rre fritidshus.<\/p>\n<h1>\u00a0<\/h1>\n<h6><strong>Campingstuga<\/strong><\/h6>\n<div class=\"foogallery foogallery-container foogallery-masonry foogallery-lightbox-foobox fg-center fg-masonry fg-light fg-border-thin fg-shadow-outline fg-loading-default fg-loaded-fade-in fg-caption-hover fg-hover-fade fg-hover-zoom fg-ready\" id=\"foogallery-gallery-214\" data-foogallery=\"{&quot;item&quot;:{&quot;showCaptionTitle&quot;:true,&quot;showCaptionDescription&quot;:true},&quot;lazy&quot;:true,&quot;src&quot;:&quot;data-src-fg&quot;,&quot;srcset&quot;:&quot;data-srcset-fg&quot;,&quot;template&quot;:{&quot;layout&quot;:&quot;fixed&quot;,&quot;columnWidth&quot;:150,&quot;gutter&quot;:10}}\" data-fg-common-fields=\"1\" >\r\n\t<div class=\"fg-item\"><figure class=\"fg-item-inner\"><a href=\"https:\/\/www.campingtornio.com\/wp-content\/uploads\/2018\/02\/kuvapalkki2.jpg\" data-attachment-id=\"187\" class=\"fg-thumb\"><span class=\"fg-image-wrap\"><img width=\"150\" height=\"60\" data-src-fg=\"https:\/\/www.campingtornio.com\/wp-content\/uploads\/cache\/2018\/02\/kuvapalkki2\/1413046746.jpg\" class=\"fg-image\" \/><\/span><\/a><figcaption class=\"fg-caption\"><div class=\"fg-caption-inner\"><\/div><\/figcaption><\/figure><div class=\"fg-loader\"><\/div><\/div><div class=\"fg-item\"><figure class=\"fg-item-inner\"><a href=\"https:\/\/www.campingtornio.com\/wp-content\/uploads\/2018\/02\/mokit.jpg\" data-attachment-id=\"177\" class=\"fg-thumb\"><span class=\"fg-image-wrap\"><img width=\"150\" height=\"84\" data-src-fg=\"https:\/\/www.campingtornio.com\/wp-content\/uploads\/cache\/2018\/02\/mokit\/1377464795.jpg\" class=\"fg-image\" \/><\/span><\/a><figcaption class=\"fg-caption\"><div class=\"fg-caption-inner\"><\/div><\/figcaption><\/figure><div class=\"fg-loader\"><\/div><\/div><div class=\"fg-item\"><figure class=\"fg-item-inner\"><a href=\"https:\/\/www.campingtornio.com\/wp-content\/uploads\/2018\/02\/iso6hlomokki-scaled.jpg\" data-attachment-id=\"307\" class=\"fg-thumb\"><span class=\"fg-image-wrap\"><img width=\"150\" height=\"200\" data-src-fg=\"https:\/\/www.campingtornio.com\/wp-content\/uploads\/cache\/2018\/02\/iso6hlomokki-scaled\/2080856480.jpg\" class=\"fg-image\" \/><\/span><\/a><figcaption class=\"fg-caption\"><div class=\"fg-caption-inner\"><\/div><\/figcaption><\/figure><div class=\"fg-loader\"><\/div><\/div><div class=\"fg-item\"><figure class=\"fg-item-inner\"><a href=\"https:\/\/www.campingtornio.com\/wp-content\/uploads\/2018\/02\/iso6hlotv-scaled.jpg\" data-attachment-id=\"305\" class=\"fg-thumb\"><span class=\"fg-image-wrap\"><img width=\"150\" height=\"200\" data-src-fg=\"https:\/\/www.campingtornio.com\/wp-content\/uploads\/cache\/2018\/02\/iso6hlotv-scaled\/3670300377.jpg\" class=\"fg-image\" \/><\/span><\/a><figcaption class=\"fg-caption\"><div class=\"fg-caption-inner\"><\/div><\/figcaption><\/figure><div class=\"fg-loader\"><\/div><\/div><div class=\"fg-item\"><figure class=\"fg-item-inner\"><a href=\"https:\/\/www.campingtornio.com\/wp-content\/uploads\/2018\/02\/isot6hloleirinta-scaled.jpg\" data-attachment-id=\"304\" class=\"fg-thumb\"><span class=\"fg-image-wrap\"><img width=\"150\" height=\"267\" data-src-fg=\"https:\/\/www.campingtornio.com\/wp-content\/uploads\/cache\/2018\/02\/isot6hloleirinta-scaled\/2635015093.jpg\" class=\"fg-image\" \/><\/span><\/a><figcaption class=\"fg-caption\"><div class=\"fg-caption-inner\"><\/div><\/figcaption><\/figure><div class=\"fg-loader\"><\/div><\/div><div class=\"fg-item\"><figure class=\"fg-item-inner\"><a href=\"https:\/\/www.campingtornio.com\/wp-content\/uploads\/2018\/02\/isot6hloleirnta2-scaled.jpg\" data-attachment-id=\"303\" class=\"fg-thumb\"><span class=\"fg-image-wrap\"><img width=\"150\" height=\"267\" data-src-fg=\"https:\/\/www.campingtornio.com\/wp-content\/uploads\/cache\/2018\/02\/isot6hloleirnta2-scaled\/104412849.jpg\" class=\"fg-image\" \/><\/span><\/a><figcaption class=\"fg-caption\"><div class=\"fg-caption-inner\"><\/div><\/figcaption><\/figure><div class=\"fg-loader\"><\/div><\/div><div class=\"fg-item\"><figure class=\"fg-item-inner\"><a href=\"https:\/\/www.campingtornio.com\/wp-content\/uploads\/2018\/02\/12.jpg\" data-attachment-id=\"101\" class=\"fg-thumb\"><span class=\"fg-image-wrap\"><img width=\"150\" height=\"113\" data-src-fg=\"https:\/\/www.campingtornio.com\/wp-content\/uploads\/cache\/2018\/02\/12\/1832247418.jpg\" class=\"fg-image\" \/><\/span><\/a><figcaption class=\"fg-caption\"><div class=\"fg-caption-inner\"><\/div><\/figcaption><\/figure><div class=\"fg-loader\"><\/div><\/div><div class=\"fg-item\"><figure class=\"fg-item-inner\"><a href=\"https:\/\/www.campingtornio.com\/wp-content\/uploads\/2018\/02\/20180923-pieni-leirintamokki-scaled.jpg\" data-attachment-id=\"269\" class=\"fg-thumb\"><span class=\"fg-image-wrap\"><img width=\"150\" height=\"267\" data-src-fg=\"https:\/\/www.campingtornio.com\/wp-content\/uploads\/cache\/2018\/02\/20180923-pieni-leirintamokki-scaled\/1673871075.jpg\" class=\"fg-image\" \/><\/span><\/a><figcaption class=\"fg-caption\"><div class=\"fg-caption-inner\"><\/div><\/figcaption><\/figure><div class=\"fg-loader\"><\/div><\/div><div class=\"fg-item\"><figure class=\"fg-item-inner\"><a href=\"https:\/\/www.campingtornio.com\/wp-content\/uploads\/2018\/02\/pieni2hlo-leirinta2-scaled.jpg\" data-attachment-id=\"293\" class=\"fg-thumb\"><span class=\"fg-image-wrap\"><img width=\"150\" height=\"200\" data-src-fg=\"https:\/\/www.campingtornio.com\/wp-content\/uploads\/cache\/2018\/02\/pieni2hlo-leirinta2-scaled\/1597158191.jpg\" class=\"fg-image\" \/><\/span><\/a><figcaption class=\"fg-caption\"><div class=\"fg-caption-inner\"><\/div><\/figcaption><\/figure><div class=\"fg-loader\"><\/div><\/div><div class=\"fg-item\"><figure class=\"fg-item-inner\"><a href=\"https:\/\/www.campingtornio.com\/wp-content\/uploads\/2018\/02\/pienet2hlo-leirinta-scaled.jpg\" data-attachment-id=\"294\" class=\"fg-thumb\"><span class=\"fg-image-wrap\"><img width=\"150\" height=\"200\" data-src-fg=\"https:\/\/www.campingtornio.com\/wp-content\/uploads\/cache\/2018\/02\/pienet2hlo-leirinta-scaled\/349419295.jpg\" class=\"fg-image\" \/><\/span><\/a><figcaption class=\"fg-caption\"><div class=\"fg-caption-inner\"><\/div><\/figcaption><\/figure><div class=\"fg-loader\"><\/div><\/div><\/div>\n<h4>\u00a0<\/h4>\n<h6><strong>Fritidshus<\/strong><\/h6>\n<div class=\"foogallery foogallery-container foogallery-masonry foogallery-lightbox-foobox fg-center fg-masonry fg-light fg-border-thin fg-shadow-small fg-loading-default fg-loaded-fade-in fg-captions-bottom fg-hover-fade fg-hover-plus fg-ready\" id=\"foogallery-gallery-295\" data-foogallery=\"{&quot;item&quot;:{&quot;showCaptionTitle&quot;:true,&quot;showCaptionDescription&quot;:true},&quot;lazy&quot;:true,&quot;src&quot;:&quot;data-src-fg&quot;,&quot;srcset&quot;:&quot;data-srcset-fg&quot;,&quot;template&quot;:{&quot;layout&quot;:&quot;fixed&quot;,&quot;columnWidth&quot;:150,&quot;gutter&quot;:10}}\" data-fg-common-fields=\"1\" >\r\n\t<div class=\"fg-item\"><figure class=\"fg-item-inner\"><a href=\"https:\/\/www.campingtornio.com\/wp-content\/uploads\/2021\/02\/loma-asuntoa-4-kpl-scaled.jpg\" data-attachment-id=\"298\" class=\"fg-thumb\"><span class=\"fg-image-wrap\"><img width=\"150\" height=\"84\" data-src-fg=\"https:\/\/www.campingtornio.com\/wp-content\/uploads\/cache\/2021\/02\/loma-asuntoa-4-kpl-scaled\/1850405395.jpg\" class=\"fg-image\" \/><\/span><\/a><\/figure><div class=\"fg-loader\"><\/div><\/div><div class=\"fg-item\"><figure class=\"fg-item-inner\"><a href=\"https:\/\/www.campingtornio.com\/wp-content\/uploads\/2018\/02\/20210114-loma-asunto-talvikuva-scaled.jpg\" data-attachment-id=\"276\" class=\"fg-thumb\"><span class=\"fg-image-wrap\"><img width=\"150\" height=\"140\" data-src-fg=\"https:\/\/www.campingtornio.com\/wp-content\/uploads\/cache\/2018\/02\/20210114-loma-asunto-talvikuva-scaled\/2879854389.jpg\" class=\"fg-image\" \/><\/span><\/a><\/figure><div class=\"fg-loader\"><\/div><\/div><div class=\"fg-item\"><figure class=\"fg-item-inner\"><a href=\"https:\/\/www.campingtornio.com\/wp-content\/uploads\/2021\/02\/loma-asunto-4-scaled.jpg\" data-attachment-id=\"300\" class=\"fg-thumb\"><span class=\"fg-image-wrap\"><img width=\"150\" height=\"267\" data-src-fg=\"https:\/\/www.campingtornio.com\/wp-content\/uploads\/cache\/2021\/02\/loma-asunto-4-scaled\/4076374355.jpg\" class=\"fg-image\" \/><\/span><\/a><\/figure><div class=\"fg-loader\"><\/div><\/div><div class=\"fg-item\"><figure class=\"fg-item-inner\"><a href=\"https:\/\/www.campingtornio.com\/wp-content\/uploads\/2018\/02\/Loma-asunto-e1519290932883.jpg\" data-attachment-id=\"170\" class=\"fg-thumb\"><span class=\"fg-image-wrap\"><img width=\"150\" height=\"200\" data-src-fg=\"https:\/\/www.campingtornio.com\/wp-content\/uploads\/cache\/2018\/02\/Loma-asunto-e1519290932883\/3955035696.jpg\" class=\"fg-image\" \/><\/span><\/a><\/figure><div class=\"fg-loader\"><\/div><\/div><div class=\"fg-item\"><figure class=\"fg-item-inner\"><a href=\"https:\/\/www.campingtornio.com\/wp-content\/uploads\/2021\/02\/loma-asunto-takaovi-scaled.jpg\" data-attachment-id=\"299\" class=\"fg-thumb\"><span class=\"fg-image-wrap\"><img width=\"150\" height=\"267\" data-src-fg=\"https:\/\/www.campingtornio.com\/wp-content\/uploads\/cache\/2021\/02\/loma-asunto-takaovi-scaled\/1035397833.jpg\" class=\"fg-image\" \/><\/span><\/a><\/figure><div class=\"fg-loader\"><\/div><\/div><div class=\"fg-item\"><figure class=\"fg-item-inner\"><a href=\"https:\/\/www.campingtornio.com\/wp-content\/uploads\/2018\/02\/Loma-asuntosauna-e1519290909971.jpg\" data-attachment-id=\"172\" class=\"fg-thumb\"><span class=\"fg-image-wrap\"><img width=\"150\" height=\"200\" data-src-fg=\"https:\/\/www.campingtornio.com\/wp-content\/uploads\/cache\/2018\/02\/Loma-asuntosauna-e1519290909971\/2316233943.jpg\" class=\"fg-image\" \/><\/span><\/a><\/figure><div class=\"fg-loader\"><\/div><\/div><div class=\"fg-item\"><figure class=\"fg-item-inner\"><a href=\"https:\/\/www.campingtornio.com\/wp-content\/uploads\/2018\/02\/Loma-asunto2.jpg\" data-attachment-id=\"171\" class=\"fg-thumb\"><span class=\"fg-image-wrap\"><img width=\"150\" height=\"113\" data-src-fg=\"https:\/\/www.campingtornio.com\/wp-content\/uploads\/cache\/2018\/02\/Loma-asunto2\/547489990.jpg\" class=\"fg-image\" \/><\/span><\/a><\/figure><div class=\"fg-loader\"><\/div><\/div><div class=\"fg-item\"><figure class=\"fg-item-inner\"><a href=\"https:\/\/www.campingtornio.com\/wp-content\/uploads\/2018\/02\/mokki.jpg\" data-attachment-id=\"143\" class=\"fg-thumb\"><span class=\"fg-image-wrap\"><img width=\"150\" height=\"85\" data-src-fg=\"https:\/\/www.campingtornio.com\/wp-content\/uploads\/cache\/2018\/02\/mokki\/2688900578.jpg\" class=\"fg-image\" \/><\/span><\/a><\/figure><div class=\"fg-loader\"><\/div><\/div><div class=\"fg-item\"><figure class=\"fg-item-inner\"><a href=\"https:\/\/www.campingtornio.com\/wp-content\/uploads\/2018\/02\/Maijan_tupa-e1519290815467.jpg\" data-attachment-id=\"175\" class=\"fg-thumb\"><span class=\"fg-image-wrap\"><img width=\"150\" height=\"200\" data-src-fg=\"https:\/\/www.campingtornio.com\/wp-content\/uploads\/cache\/2018\/02\/Maijan_tupa-e1519290815467\/1501989370.jpg\" class=\"fg-image\" \/><\/span><\/a><\/figure><div class=\"fg-loader\"><\/div><\/div><\/div>\n<h1>\u00a0<\/h1>\n<p><a href=\"https:\/\/campingtornio.sportum.info\/stable\/tuotteet.jsp?teema_id=1897\">Online bokning.<\/a><\/p>\n<h6>\u00a0<\/h6>\n<p>Mer information:<br \/>Tel +358 (0) 16 445 945<br \/>e-mail: camping.tornio(at)co.inet.fi<\/p>\n\n\n<p><\/p>\n","protected":false,"raw":"<p>V\u00e5r campingplats har stugorna av alla slag. Du kan v\u00e4lja mellan en mindre campingstuga eller ett st\u00f6rre fritidshus.<\/p>\n<h1>\u00a0<\/h1>\n<h6><strong>Campingstuga<\/strong><\/h6>\n<p>[foogallery id=\"214\"]<\/p>\n<h4>\u00a0<\/h4>\n<h6><strong>Fritidshus<\/strong><\/h6>\n<p>[foogallery id=\"295\"]<\/p>\n<h1>\u00a0<\/h1>\n<p><a href=\"https:\/\/campingtornio.sportum.info\/stable\/tuotteet.jsp?teema_id=1897\">Online bokning.<\/a><\/p>\n<h6>\u00a0<\/h6>\n<p>Mer information:<br \/>Tel +358 (0) 16 445 945<br \/>e-mail: camping.tornio(at)co.inet.fi<\/p>\n\n<!-- wp:paragraph -->\n<p><\/p>\n<!-- \/wp:paragraph -->"},"excerpt":{"rendered":"","protected":false,"raw":""},"author":1,"featured_media":0,"parent":0,"menu_order":0,"comment_status":"closed","ping_status":"closed","template":"","meta":{"_fi_post_content":"<p class=\"Standard\">Leirint\u00e4alueemme tarjoaa m\u00f6kkimajoitusta moneen makuun. Valittavana on pienoisista leirint\u00e4m\u00f6keist\u00e4 tasokkaisiin saunallisiin huoneistoihin.<\/p>\n\n<h1><\/h1>\n<h6><strong>Leirint\u00e4m\u00f6kit<\/strong><\/h6>\n[foogallery id=\"214\"]\n<h4><\/h4>\n<h6><strong>Lomam\u00f6kit &amp; loma-asunnot<\/strong><\/h6>\n[foogallery id=\"295\"]\n<h1><\/h1>\n<h1><\/h1>\n<a href=\"https:\/\/campingtornio.sportum.info\/stable\/tuotteet.jsp?teema_id=1897\">Online varausj\u00e4rjestelm\u00e4.<\/a>\n<h4><\/h4>\nKysy lis\u00e4\u00e4:\n\n<span class=\"style40\">Puh\/ Tel +358 (0) 16 445 945 \u00a0\u00a0<\/span>\n<div class=\"style42\" align=\"left\">\n\ne-mail: camping.tornio(at)co.inet.fi\n\n<\/div>","_fi_post_name":"mokit","_fi_post_excerpt":"","_fi_post_title":"M\u00f6kit","_en_post_content":"<p class=\"Standard\">Our campsite has a variety of cabins that cater for every taste. You can choose from a small camping cabin to a high-class apartment with sauna.<\/p>\n\n<h4><\/h4>\n<h6><strong>Camping cabins<\/strong><\/h6>\n[foogallery id=\"214\"]\n<h4><\/h4>\n<h6><strong>Holiday houses &amp; cabins<\/strong><\/h6>\n[foogallery id=\"295\"]\n<h6><\/h6>\n<div class=\"style42\"><a href=\"https:\/\/campingtornio.sportum.info\/stable\/tuotteet.jsp?teema_id=1897&amp;kieli=UKN\">\u00a0Online booking.<\/a><\/div>\n<div><\/div>\n<h4><\/h4>\n<div>\n\nMore information:\nTel +358 (0) 16 445 945\ne-mail: camping.tornio(at)co.inet.fi\n\n<\/div>","_en_post_name":"cottages","_en_post_excerpt":"","_en_post_title":"Cabins","_sv_post_content":"<p>V\u00e5r campingplats har stugorna av alla slag. Du kan v\u00e4lja mellan en mindre campingstuga eller ett st\u00f6rre fritidshus.<\/p>\n<h1>\u00a0<\/h1>\n<h6><strong>Campingstuga<\/strong><\/h6>\n<p>[foogallery id=\"214\"]<\/p>\n<h4>\u00a0<\/h4>\n<h6><strong>Fritidshus<\/strong><\/h6>\n<p>[foogallery id=\"295\"]<\/p>\n<h1>\u00a0<\/h1>\n<p><a href=\"https:\/\/campingtornio.sportum.info\/stable\/tuotteet.jsp?teema_id=1897\">Online bokning.<\/a><\/p>\n<h6>\u00a0<\/h6>\n<p>Mer information:<br \/>Tel +358 (0) 16 445 945<br \/>e-mail: camping.tornio(at)co.inet.fi<\/p>\n\n<!-- wp:paragraph -->\n<p><\/p>\n<!-- \/wp:paragraph -->","_sv_post_name":"stugor","_sv_post_excerpt":"","_sv_post_title":"Stugor","edit_language":"sv"},"_links":{"self":[{"href":"https:\/\/www.campingtornio.com\/wp-json\/wp\/v2\/pages\/54"}],"collection":[{"href":"https:\/\/www.campingtornio.com\/wp-json\/wp\/v2\/pages"}],"about":[{"href":"https:\/\/www.campingtornio.com\/wp-json\/wp\/v2\/types\/page"}],"author":[{"embeddable":true,"href":"https:\/\/www.campingtornio.com\/wp-json\/wp\/v2\/users\/1"}],"replies":[{"embeddable":true,"href":"https:\/\/www.campingtornio.com\/wp-json\/wp\/v2\/comments?post=54"}],"version-history":[{"count":14,"href":"https:\/\/www.campingtornio.com\/wp-json\/wp\/v2\/pages\/54\/revisions"}],"predecessor-version":[{"id":313,"href":"https:\/\/www.campingtornio.com\/wp-json\/wp\/v2\/pages\/54\/revisions\/313"}],"wp:attachment":[{"href":"https:\/\/www.campingtornio.com\/wp-json\/wp\/v2\/media?parent=54"}],"curies":[{"name":"wp","href":"https:\/\/api.w.org\/{rel}","templated":true}]}}