{"id":21,"date":"2018-01-31T23:22:39","date_gmt":"2018-01-31T21:22:39","guid":{"rendered":"http:\/\/www.campingtornio.com\/?page_id=21"},"modified":"2021-02-28T13:45:01","modified_gmt":"2021-02-28T11:45:01","slug":"forsta-sidan","status":"publish","type":"page","link":"http:\/\/www.campingtornio.com\/","title":{"rendered":"Hem","raw":"Hem"},"content":{"rendered":"<h6><strong>V\u00e4lkommen!<\/strong><\/h6>\n<p><strong>SOMMAREN<\/strong><\/p>\n<p>Du kan njuta av dina sommardagarna p\u00e5 campingen genom att l\u00e4gga p\u00e5 det mjuka gr\u00e4set, ta ett dopp i flodens s\u00f6tvatten eller hyra en kanot och paddla medan du beundrar naturens sk\u00f6nhet.<\/p>\n<p>Som nyheten har vi ocks\u00e5 en poolomr\u00e5de utanf\u00f6r, \u00f6ppet f\u00f6r anv\u00e4ndning fr\u00e5n juni 20. till augusti 31.&nbsp; mot en lilla avgift. P\u00e5 omr\u00e5den finns det massor av solstolar f\u00f6r att njuta av solen, och en bar s\u00e5 att du kan k\u00f6pa uppfriskande drycker, glass och salta snacks.<\/p>\n<p>F\u00f6r barnen har vi en stor lekplats med trampoliner och pedalbiler som kan hyras fr\u00e5n reception.<\/p>\n<p>P\u00e5 kv\u00e4llerna can du&nbsp; njuta av bastunas lyx i underh\u00e5llsbyggnaden, som \u00e4r gratis att anv\u00e4nda f\u00f6r alla som stannar \u00f6ver natten, eller ha en brasa i grinden och bara koppla av.<\/p>\n<p>Om du gillar mer activa hobbier, det \u00e4r l\u00e4tt at g\u00e5 eller cycla till Tornio-Haparanda f\u00f6r att shoppa i butikerna och njuta av underbara mater i restaurangerna i stadens centrum.<\/p>\n<p><strong>VINTER<\/strong><\/p>\n<p>V\u00e5r reception st\u00e4nger den 30 september, men det \u00e4r fortfarande m\u00f6jligt att stanna p\u00e5 campingen genom att g\u00f6ra en bokning f\u00f6r ett caravan plats med el eller en stuga som anv\u00e4nds p\u00e5 vintern.<\/p>\n<p>N\u00e4r sommarsesongen \u00e4r \u00f6ver den 30 september, det offentliga basturna \u00e4r st\u00e4ngda f\u00f6r vintern. Det finns en liten underh\u00e5llsbyggnaden med en dusch, toalett och t\u00f6mningsplats f\u00f6r kemisk toalett som kan anvndas p\u00e5 vintern.<\/p>\n<p>Du kan g\u00f6ra en reservation i v\u00e5r online-booking-system, eller via booking.com. Vi tar ocks\u00e5 bokningar via e-post. Vi svarar p\u00e5 campingtelefonen utanf\u00f6r sommars\u00e5songen fr\u00e5n 10 till 16 varje dag.<\/p>\n<h1><\/h1>\n<h1><\/h1>\n<p><a href=\"https:\/\/campingtornio.sportum.info\/stable\/tuotteet.jsp?teema_id=1897&amp;kieli=SWE\">Online bokning.<\/a><\/p>\n<div class=\"style42\"><\/div>\n<div class=\"style47\" align=\"center\">\n<div class=\"style42\" align=\"left\">\n<h1><\/h1>\n<\/div>\n<\/div>\n<div class=\"foogallery foogallery-container foogallery-masonry foogallery-lightbox-foobox fg-center fg-masonry fg-transparent fg-border-thin fg-shadow-small fg-loading-default fg-loaded-fade-in fg-captions-bottom fg-hover-fade fg-hover-plus fg-ready\" id=\"foogallery-gallery-192\" data-foogallery=\"{&quot;item&quot;:{&quot;showCaptionTitle&quot;:true,&quot;showCaptionDescription&quot;:true},&quot;lazy&quot;:true,&quot;src&quot;:&quot;data-src-fg&quot;,&quot;srcset&quot;:&quot;data-srcset-fg&quot;,&quot;template&quot;:{&quot;layout&quot;:&quot;fixed&quot;,&quot;columnWidth&quot;:150,&quot;gutter&quot;:10}}\" data-fg-common-fields=\"1\" >\r\n\t<div class=\"fg-item\"><figure class=\"fg-item-inner\"><a href=\"http:\/\/www.campingtornio.com\/wp-content\/uploads\/2018\/02\/20200802-allaskesa203-scaled.jpg\" data-attachment-id=\"270\" class=\"fg-thumb\"><span class=\"fg-image-wrap\"><img width=\"150\" height=\"160\" data-src-fg=\"http:\/\/www.campingtornio.com\/wp-content\/uploads\/cache\/2018\/02\/20200802-allaskesa203-scaled\/1223650769.jpg\" class=\"fg-image\" \/><\/span><\/a><\/figure><div class=\"fg-loader\"><\/div><\/div><div class=\"fg-item\"><figure class=\"fg-item-inner\"><a href=\"http:\/\/www.campingtornio.com\/wp-content\/uploads\/2018\/02\/20200818-saunalautta-scaled.jpg\" data-attachment-id=\"266\" class=\"fg-thumb\"><span class=\"fg-image-wrap\"><img width=\"150\" height=\"130\" data-src-fg=\"http:\/\/www.campingtornio.com\/wp-content\/uploads\/cache\/2018\/02\/20200818-saunalautta-scaled\/412611975.jpg\" class=\"fg-image\" \/><\/span><\/a><\/figure><div class=\"fg-loader\"><\/div><\/div><div class=\"fg-item\"><figure class=\"fg-item-inner\"><a href=\"http:\/\/www.campingtornio.com\/wp-content\/uploads\/2018\/02\/20200719-polkuvene-scaled.jpg\" data-attachment-id=\"267\" class=\"fg-thumb\"><span class=\"fg-image-wrap\"><img width=\"150\" height=\"152\" data-src-fg=\"http:\/\/www.campingtornio.com\/wp-content\/uploads\/cache\/2018\/02\/20200719-polkuvene-scaled\/2858158825.jpg\" class=\"fg-image\" \/><\/span><\/a><\/figure><div class=\"fg-loader\"><\/div><\/div><div class=\"fg-item\"><figure class=\"fg-item-inner\"><a href=\"http:\/\/www.campingtornio.com\/wp-content\/uploads\/2018\/02\/laituri.jpg\" data-attachment-id=\"141\" class=\"fg-thumb\"><span class=\"fg-image-wrap\"><img width=\"150\" height=\"85\" data-src-fg=\"http:\/\/www.campingtornio.com\/wp-content\/uploads\/cache\/2018\/02\/laituri\/3985560010.jpg\" class=\"fg-image\" \/><\/span><\/a><\/figure><div class=\"fg-loader\"><\/div><\/div><div class=\"fg-item\"><figure class=\"fg-item-inner\"><a href=\"http:\/\/www.campingtornio.com\/wp-content\/uploads\/2018\/02\/mokit.jpg\" data-attachment-id=\"177\" class=\"fg-thumb\"><span class=\"fg-image-wrap\"><img width=\"150\" height=\"84\" data-src-fg=\"http:\/\/www.campingtornio.com\/wp-content\/uploads\/cache\/2018\/02\/mokit\/1353340493.jpg\" class=\"fg-image\" \/><\/span><\/a><\/figure><div class=\"fg-loader\"><\/div><\/div><div class=\"fg-item\"><figure class=\"fg-item-inner\"><a href=\"http:\/\/www.campingtornio.com\/wp-content\/uploads\/2018\/02\/grillisauna.jpg\" data-attachment-id=\"166\" class=\"fg-thumb\"><span class=\"fg-image-wrap\"><img width=\"150\" height=\"113\" data-src-fg=\"http:\/\/www.campingtornio.com\/wp-content\/uploads\/cache\/2018\/02\/grillisauna\/4206455959.jpg\" class=\"fg-image\" \/><\/span><\/a><\/figure><div class=\"fg-loader\"><\/div><\/div><div class=\"fg-item\"><figure class=\"fg-item-inner\"><a href=\"http:\/\/www.campingtornio.com\/wp-content\/uploads\/2018\/02\/ce12.jpg\" data-attachment-id=\"125\" class=\"fg-thumb\"><span class=\"fg-image-wrap\"><img width=\"150\" height=\"84\" data-src-fg=\"http:\/\/www.campingtornio.com\/wp-content\/uploads\/cache\/2018\/02\/ce12\/1989733965.jpg\" class=\"fg-image\" \/><\/span><\/a><\/figure><div class=\"fg-loader\"><\/div><\/div><div class=\"fg-item\"><figure class=\"fg-item-inner\"><a href=\"http:\/\/www.campingtornio.com\/wp-content\/uploads\/2018\/02\/Minigolf-e1519290777463.jpg\" data-attachment-id=\"176\" class=\"fg-thumb\"><span class=\"fg-image-wrap\"><img width=\"150\" height=\"200\" data-src-fg=\"http:\/\/www.campingtornio.com\/wp-content\/uploads\/cache\/2018\/02\/Minigolf-e1519290777463\/3904241823.jpg\" class=\"fg-image\" \/><\/span><\/a><\/figure><div class=\"fg-loader\"><\/div><\/div><div class=\"fg-item\"><figure class=\"fg-item-inner\"><a href=\"http:\/\/www.campingtornio.com\/wp-content\/uploads\/2018\/02\/5.jpg\" data-attachment-id=\"94\" class=\"fg-thumb\"><span class=\"fg-image-wrap\"><img width=\"150\" height=\"113\" data-src-fg=\"http:\/\/www.campingtornio.com\/wp-content\/uploads\/cache\/2018\/02\/5\/2615878765.jpg\" class=\"fg-image\" \/><\/span><\/a><\/figure><div class=\"fg-loader\"><\/div><\/div><div class=\"fg-item\"><figure class=\"fg-item-inner\"><a href=\"http:\/\/www.campingtornio.com\/wp-content\/uploads\/2018\/02\/Maijan_tupa_terassi-e1519290847990.jpg\" data-attachment-id=\"174\" class=\"fg-thumb\"><span class=\"fg-image-wrap\"><img width=\"150\" height=\"200\" data-src-fg=\"http:\/\/www.campingtornio.com\/wp-content\/uploads\/cache\/2018\/02\/Maijan_tupa_terassi-e1519290847990\/2131790517.jpg\" class=\"fg-image\" \/><\/span><\/a><\/figure><div class=\"fg-loader\"><\/div><\/div><div class=\"fg-item\"><figure class=\"fg-item-inner\"><a href=\"http:\/\/www.campingtornio.com\/wp-content\/uploads\/2018\/02\/20200712-mokit-2-scaled.jpg\" data-attachment-id=\"268\" class=\"fg-thumb\"><span class=\"fg-image-wrap\"><img width=\"150\" height=\"113\" data-src-fg=\"http:\/\/www.campingtornio.com\/wp-content\/uploads\/cache\/2018\/02\/20200712-mokit-2-scaled\/2340430759.jpg\" class=\"fg-image\" \/><\/span><\/a><\/figure><div class=\"fg-loader\"><\/div><\/div><div class=\"fg-item\"><figure class=\"fg-item-inner\"><a href=\"http:\/\/www.campingtornio.com\/wp-content\/uploads\/2018\/02\/20180923-pieni-leirintamokki-scaled.jpg\" data-attachment-id=\"269\" class=\"fg-thumb\"><span class=\"fg-image-wrap\"><img width=\"150\" height=\"267\" data-src-fg=\"http:\/\/www.campingtornio.com\/wp-content\/uploads\/cache\/2018\/02\/20180923-pieni-leirintamokki-scaled\/1593866103.jpg\" class=\"fg-image\" \/><\/span><\/a><\/figure><div class=\"fg-loader\"><\/div><\/div><div class=\"fg-item\"><figure class=\"fg-item-inner\"><a href=\"http:\/\/www.campingtornio.com\/wp-content\/uploads\/2018\/02\/20200714-ranta2-scaled.jpg\" data-attachment-id=\"265\" class=\"fg-thumb\"><span class=\"fg-image-wrap\"><img width=\"150\" height=\"180\" data-src-fg=\"http:\/\/www.campingtornio.com\/wp-content\/uploads\/cache\/2018\/02\/20200714-ranta2-scaled\/332568975.jpg\" class=\"fg-image\" \/><\/span><\/a><\/figure><div class=\"fg-loader\"><\/div><\/div><div class=\"fg-item\"><figure class=\"fg-item-inner\"><a href=\"http:\/\/www.campingtornio.com\/wp-content\/uploads\/2018\/02\/20190304-joki-talvella-scaled.jpg\" data-attachment-id=\"281\" class=\"fg-thumb\"><span class=\"fg-image-wrap\"><img width=\"150\" height=\"84\" data-src-fg=\"http:\/\/www.campingtornio.com\/wp-content\/uploads\/cache\/2018\/02\/20190304-joki-talvella-scaled\/893570296.jpg\" class=\"fg-image\" \/><\/span><\/a><\/figure><div class=\"fg-loader\"><\/div><\/div><div class=\"fg-item\"><figure class=\"fg-item-inner\"><a href=\"http:\/\/www.campingtornio.com\/wp-content\/uploads\/2018\/02\/20190120-laavu3-scaled.jpg\" data-attachment-id=\"280\" class=\"fg-thumb\"><span class=\"fg-image-wrap\"><img width=\"150\" height=\"84\" data-src-fg=\"http:\/\/www.campingtornio.com\/wp-content\/uploads\/cache\/2018\/02\/20190120-laavu3-scaled\/510257001.jpg\" class=\"fg-image\" \/><\/span><\/a><\/figure><div class=\"fg-loader\"><\/div><\/div><div class=\"fg-item\"><figure class=\"fg-item-inner\"><a href=\"http:\/\/www.campingtornio.com\/wp-content\/uploads\/2018\/02\/20190304-laavu-talvella-scaled.jpg\" data-attachment-id=\"279\" class=\"fg-thumb\"><span class=\"fg-image-wrap\"><img width=\"150\" height=\"84\" data-src-fg=\"http:\/\/www.campingtornio.com\/wp-content\/uploads\/cache\/2018\/02\/20190304-laavu-talvella-scaled\/1668079198.jpg\" class=\"fg-image\" \/><\/span><\/a><\/figure><div class=\"fg-loader\"><\/div><\/div><div class=\"fg-item\"><figure class=\"fg-item-inner\"><a href=\"http:\/\/www.campingtornio.com\/wp-content\/uploads\/2018\/02\/20200307-leirntamokkeja-talvella-scaled.jpg\" data-attachment-id=\"278\" class=\"fg-thumb\"><span class=\"fg-image-wrap\"><img width=\"150\" height=\"84\" data-src-fg=\"http:\/\/www.campingtornio.com\/wp-content\/uploads\/cache\/2018\/02\/20200307-leirntamokkeja-talvella-scaled\/161438553.jpg\" class=\"fg-image\" \/><\/span><\/a><\/figure><div class=\"fg-loader\"><\/div><\/div><div class=\"fg-item\"><figure class=\"fg-item-inner\"><a href=\"http:\/\/www.campingtornio.com\/wp-content\/uploads\/2018\/02\/20190122-talvikuva-yleiskuva2-scaled.jpg\" data-attachment-id=\"277\" class=\"fg-thumb\"><span class=\"fg-image-wrap\"><img width=\"150\" height=\"84\" data-src-fg=\"http:\/\/www.campingtornio.com\/wp-content\/uploads\/cache\/2018\/02\/20190122-talvikuva-yleiskuva2-scaled\/4164119353.jpg\" class=\"fg-image\" \/><\/span><\/a><\/figure><div class=\"fg-loader\"><\/div><\/div><div class=\"fg-item\"><figure class=\"fg-item-inner\"><a href=\"http:\/\/www.campingtornio.com\/wp-content\/uploads\/2018\/02\/20210114-loma-asunto-talvikuva-scaled.jpg\" data-attachment-id=\"276\" class=\"fg-thumb\"><span class=\"fg-image-wrap\"><img width=\"150\" height=\"140\" data-src-fg=\"http:\/\/www.campingtornio.com\/wp-content\/uploads\/cache\/2018\/02\/20210114-loma-asunto-talvikuva-scaled\/601391164.jpg\" class=\"fg-image\" \/><\/span><\/a><\/figure><div class=\"fg-loader\"><\/div><\/div><div class=\"fg-item\"><figure class=\"fg-item-inner\"><a href=\"http:\/\/www.campingtornio.com\/wp-content\/uploads\/2018\/02\/20180505-pienet-leiritamokit-10-kpl-scaled.jpg\" data-attachment-id=\"275\" class=\"fg-thumb\"><span class=\"fg-image-wrap\"><img width=\"150\" height=\"200\" data-src-fg=\"http:\/\/www.campingtornio.com\/wp-content\/uploads\/cache\/2018\/02\/20180505-pienet-leiritamokit-10-kpl-scaled\/2387966687.jpg\" class=\"fg-image\" \/><\/span><\/a><\/figure><div class=\"fg-loader\"><\/div><\/div><div class=\"fg-item\"><figure class=\"fg-item-inner\"><a href=\"http:\/\/www.campingtornio.com\/wp-content\/uploads\/2018\/02\/20190122-laavu2-scaled.jpg\" data-attachment-id=\"274\" class=\"fg-thumb\"><span class=\"fg-image-wrap\"><img width=\"150\" height=\"267\" data-src-fg=\"http:\/\/www.campingtornio.com\/wp-content\/uploads\/cache\/2018\/02\/20190122-laavu2-scaled\/2262846519.jpg\" class=\"fg-image\" \/><\/span><\/a><\/figure><div class=\"fg-loader\"><\/div><\/div><div class=\"fg-item\"><figure class=\"fg-item-inner\"><a href=\"http:\/\/www.campingtornio.com\/wp-content\/uploads\/2018\/02\/20210105-respatalvi-scaled.jpg\" data-attachment-id=\"273\" class=\"fg-thumb\"><span class=\"fg-image-wrap\"><img width=\"150\" height=\"200\" data-src-fg=\"http:\/\/www.campingtornio.com\/wp-content\/uploads\/cache\/2018\/02\/20210105-respatalvi-scaled\/775849105.jpg\" class=\"fg-image\" \/><\/span><\/a><\/figure><div class=\"fg-loader\"><\/div><\/div><div class=\"fg-item\"><figure class=\"fg-item-inner\"><a href=\"http:\/\/www.campingtornio.com\/wp-content\/uploads\/2018\/02\/20190316-vaunupaikat-talvella-scaled.jpg\" data-attachment-id=\"272\" class=\"fg-thumb\"><span class=\"fg-image-wrap\"><img width=\"150\" height=\"113\" data-src-fg=\"http:\/\/www.campingtornio.com\/wp-content\/uploads\/cache\/2018\/02\/20190316-vaunupaikat-talvella-scaled\/363178116.jpg\" class=\"fg-image\" \/><\/span><\/a><\/figure><div class=\"fg-loader\"><\/div><\/div><div class=\"fg-item\"><figure class=\"fg-item-inner\"><a href=\"http:\/\/www.campingtornio.com\/wp-content\/uploads\/2018\/02\/20190316-talvimatkailua-scaled.jpg\" data-attachment-id=\"271\" class=\"fg-thumb\"><span class=\"fg-image-wrap\"><img width=\"150\" height=\"125\" data-src-fg=\"http:\/\/www.campingtornio.com\/wp-content\/uploads\/cache\/2018\/02\/20190316-talvimatkailua-scaled\/701130817.jpg\" class=\"fg-image\" \/><\/span><\/a><\/figure><div class=\"fg-loader\"><\/div><\/div><\/div>\n","protected":false,"raw":"<h6><strong>V\u00e4lkommen!<\/strong><\/h6>\n<strong>SOMMAREN<\/strong>\n\nDu kan njuta av dina sommardagarna p\u00e5 campingen genom att l\u00e4gga p\u00e5 det mjuka gr\u00e4set, ta ett dopp i flodens s\u00f6tvatten eller hyra en kanot och paddla medan du beundrar naturens sk\u00f6nhet.\n\nSom nyheten har vi ocks\u00e5 en poolomr\u00e5de utanf\u00f6r, \u00f6ppet f\u00f6r anv\u00e4ndning fr\u00e5n juni 20. till augusti 31.&nbsp; mot en lilla avgift. P\u00e5 omr\u00e5den finns det massor av solstolar f\u00f6r att njuta av solen, och en bar s\u00e5 att du kan k\u00f6pa uppfriskande drycker, glass och salta snacks.\n\nF\u00f6r barnen har vi en stor lekplats med trampoliner och pedalbiler som kan hyras fr\u00e5n reception.\n\nP\u00e5 kv\u00e4llerna can du&nbsp; njuta av bastunas lyx i underh\u00e5llsbyggnaden, som \u00e4r gratis att anv\u00e4nda f\u00f6r alla som stannar \u00f6ver natten, eller ha en brasa i grinden och bara koppla av.\n\nOm du gillar mer activa hobbier, det \u00e4r l\u00e4tt at g\u00e5 eller cycla till Tornio-Haparanda f\u00f6r att shoppa i butikerna och njuta av underbara mater i restaurangerna i stadens centrum.\n\n<strong>VINTER<\/strong>\n\nV\u00e5r reception st\u00e4nger den 30 september, men det \u00e4r fortfarande m\u00f6jligt att stanna p\u00e5 campingen genom att g\u00f6ra en bokning f\u00f6r ett caravan plats med el eller en stuga som anv\u00e4nds p\u00e5 vintern.\n\nN\u00e4r sommarsesongen \u00e4r \u00f6ver den 30 september, det offentliga basturna \u00e4r st\u00e4ngda f\u00f6r vintern. Det finns en liten underh\u00e5llsbyggnaden med en dusch, toalett och t\u00f6mningsplats f\u00f6r kemisk toalett som kan anvndas p\u00e5 vintern.\n\nDu kan g\u00f6ra en reservation i v\u00e5r online-booking-system, eller via booking.com. Vi tar ocks\u00e5 bokningar via e-post. Vi svarar p\u00e5 campingtelefonen utanf\u00f6r sommars\u00e5songen fr\u00e5n 10 till 16 varje dag.\n<h1><\/h1>\n<h1><\/h1>\n<a href=\"https:\/\/campingtornio.sportum.info\/stable\/tuotteet.jsp?teema_id=1897&amp;kieli=SWE\">Online bokning.<\/a>\n<div class=\"style42\"><\/div>\n<div class=\"style47\" align=\"center\">\n<div class=\"style42\" align=\"left\">\n<h1><\/h1>\n<\/div>\n<\/div>\n[foogallery id=\"192\"]"},"excerpt":{"rendered":"","protected":false,"raw":""},"author":1,"featured_media":0,"parent":0,"menu_order":0,"comment_status":"closed","ping_status":"closed","template":"","meta":{"_fi_post_content":"<h6><strong>Tervetuloa!<\/strong><\/h6>\n<strong>KES\u00c4<\/strong>\n\nVoit viett\u00e4\u00e4 kes\u00e4isi\u00e4 p\u00e4ivi\u00e4 leirint\u00e4alueella loikoen pehme\u00e4ll\u00e4 nurmella tai piipahten uimaan raikkaaseen jokiveteen tai vaikka vuokrata kanootin ja k\u00e4yd\u00e4 melomassa luonnonkauniilla joella.\n\nUutuutena alueellamme on ulkouima-allas, joka on avoinna 20.6.- 31.8.\u00a0 Pient\u00e4 maksua vastaan voit nauttia auringonpaisteesta uiden tai lekotellen allasalueen aurinkotuoleissa. Baarissa voit nauttia virkist\u00e4vi\u00e4 juomia, j\u00e4\u00e4tel\u00f6\u00e4 tai pient\u00e4 suolaista purtavaa.\n\nLapsille on tarjolla iso leikkikentt\u00e4 useine trampoliineineen. Polkuautoja voi vuokrata vastaanotosta.\n\nIllantullen on mukava saunoa huoltorakennuksen yleisiss\u00e4 saunoissa, mitk\u00e4 ovat vapaasti k\u00e4ytett\u00e4viss\u00e4 jokaiselle alueella y\u00f6pyv\u00e4lle tai voit tehd\u00e4 tulet laavulle ja olla vain.\n\nJos loikoilu ei huvita, voit helposti tehd\u00e4 retken joko py\u00f6r\u00e4illen tai vaikka k\u00e4vellen Tornio-Haaparannan kauppoihin tekem\u00e4\u00e4n el\u00e4m\u00e4si ostoksia ja samalla nauttia erinomaisesta ruuasta keskustan ravintoloissa.\n\n<strong>TALVI<\/strong>\n\nVastaanottomme sulkeutuu 30.9. mutta leirint\u00e4alueella voi yh\u00e4 y\u00f6py\u00e4 varaamalla, joko s\u00e4hk\u00f6istetyn matkailuvaunupaikan tai talviasuttavan m\u00f6kin.\n\nKes\u00e4kauden loputtua 30.9. yleiset saunat sek\u00e4 lerint\u00e4m\u00f6kit laitetaan kiinni. Pieni huoltorakennus suihkulla, wc:ll\u00e4 sek\u00e4 kemiallisen wc:n tyhjennyspisteell\u00e4 olvat talviasujien k\u00e4yt\u00f6ss\u00e4.\n\nVarauksen voi tehd\u00e4 Onlinen\u00e4 tai Booking.comin kautta. Otamme varauksia vastaan my\u00f6s s\u00e4hk\u00f6postitse. Leirint\u00e4alueen puhelin p\u00e4ivyst\u00e4\u00e4 sesongin ulkopuolisina aikoina klo 10-16.\n<h1><\/h1>\n<h1><\/h1>\nVaraukset ja kyselyt:\n\n<a href=\"https:\/\/campingtornio.sportum.info\">Online varausj\u00e4rjestelm\u00e4<\/a>\n<h1 class=\"style42\"><\/h1>\n[foogallery id=\"192\"]","_fi_post_name":"etusivu","_fi_post_excerpt":"","_fi_post_title":"Etusivu","_en_post_content":"<h6><strong>Welcome to<\/strong>\u00a0<strong>Camping Tornio!<\/strong><\/h6>\n<strong>SUMMER<\/strong>\n\nYou can spend your summer days on the camping site by laying on the soft grass, taking a swim in the fresh waters of the river surrounding the area, or renting a canoe and go paddling while admiring the beauty of nature.\n\nNow we also have a newly build swimming pool area outside, open for use from june 20. to august 31. for a small fee. On the pool area there are plenty of deck chairs to enjoy the sun in, and a bar where you can treat yourself\u00a0 with refreshing drinks, ice cream and salty snacks.\n\nFor children we have a large playground with multiple trampolines, and also pedal cars that can be rented from the reception.\n\nIn the evening times you can enjoy the luxury of saunas in the maintenance building, that are free to use for everyone staying the night, or have a bonfire in the wicket and just relax.\n\nIf you are more into active passtimes, you can easily make a trip to Tornio-Haaparanta city by bicycle or foot to have a shopping spree and enjoy delicious food in the various restaurants of the city centre.\n\n<strong>WINTER<\/strong>\n\nOur reception closes on the 30. of september, but it is still possible to stay on the camping by making a reservation for either a caravan place with electricity hook-up or a cabin that is in use for winter.\n\nWhen the summer season is over by september 30. the public saunas are closed for winter. There is a smaller maintainance building with a shower, toilet and emptying spot for chemical toilet for use on winter time.\n\nYou can make a reservation in our online booking-system or via booking.com. We also take reservations via e-mail.\u00a0 We answer the camping phone outside summer season from 10 am to 4 pm everyday.\n<h1><\/h1>\n<h1><\/h1>\n<a href=\"https:\/\/campingtornio.sportum.info\/stable\/tuotteet.jsp?teema_id=1897&amp;kieli=UKN\">Online booking<\/a>\n<div class=\"style42\"><\/div>\n<div class=\"style47\" align=\"center\">\n<div class=\"style42\" align=\"left\">\n<h1><\/h1>\n<\/div>\n<\/div>\n[foogallery id=\"192\"]","_en_post_name":"first-page","_en_post_excerpt":"","_en_post_title":"First page","_sv_post_content":"<h6><strong>V\u00e4lkommen!<\/strong><\/h6>\n<strong>SOMMAREN<\/strong>\n\nDu kan njuta av dina sommardagarna p\u00e5 campingen genom att l\u00e4gga p\u00e5 det mjuka gr\u00e4set, ta ett dopp i flodens s\u00f6tvatten eller hyra en kanot och paddla medan du beundrar naturens sk\u00f6nhet.\n\nSom nyheten har vi ocks\u00e5 en poolomr\u00e5de utanf\u00f6r, \u00f6ppet f\u00f6r anv\u00e4ndning fr\u00e5n juni 20. till augusti 31.&nbsp; mot en lilla avgift. P\u00e5 omr\u00e5den finns det massor av solstolar f\u00f6r att njuta av solen, och en bar s\u00e5 att du kan k\u00f6pa uppfriskande drycker, glass och salta snacks.\n\nF\u00f6r barnen har vi en stor lekplats med trampoliner och pedalbiler som kan hyras fr\u00e5n reception.\n\nP\u00e5 kv\u00e4llerna can du&nbsp; njuta av bastunas lyx i underh\u00e5llsbyggnaden, som \u00e4r gratis att anv\u00e4nda f\u00f6r alla som stannar \u00f6ver natten, eller ha en brasa i grinden och bara koppla av.\n\nOm du gillar mer activa hobbier, det \u00e4r l\u00e4tt at g\u00e5 eller cycla till Tornio-Haparanda f\u00f6r att shoppa i butikerna och njuta av underbara mater i restaurangerna i stadens centrum.\n\n<strong>VINTER<\/strong>\n\nV\u00e5r reception st\u00e4nger den 30 september, men det \u00e4r fortfarande m\u00f6jligt att stanna p\u00e5 campingen genom att g\u00f6ra en bokning f\u00f6r ett caravan plats med el eller en stuga som anv\u00e4nds p\u00e5 vintern.\n\nN\u00e4r sommarsesongen \u00e4r \u00f6ver den 30 september, det offentliga basturna \u00e4r st\u00e4ngda f\u00f6r vintern. Det finns en liten underh\u00e5llsbyggnaden med en dusch, toalett och t\u00f6mningsplats f\u00f6r kemisk toalett som kan anvndas p\u00e5 vintern.\n\nDu kan g\u00f6ra en reservation i v\u00e5r online-booking-system, eller via booking.com. Vi tar ocks\u00e5 bokningar via e-post. Vi svarar p\u00e5 campingtelefonen utanf\u00f6r sommars\u00e5songen fr\u00e5n 10 till 16 varje dag.\n<h1><\/h1>\n<h1><\/h1>\n<a href=\"https:\/\/campingtornio.sportum.info\/stable\/tuotteet.jsp?teema_id=1897&amp;kieli=SWE\">Online bokning.<\/a>\n<div class=\"style42\"><\/div>\n<div class=\"style47\" align=\"center\">\n<div class=\"style42\" align=\"left\">\n<h1><\/h1>\n<\/div>\n<\/div>\n[foogallery id=\"192\"]","_sv_post_name":"forsta-sidan","_sv_post_excerpt":"","_sv_post_title":"Hem","edit_language":"sv"},"_links":{"self":[{"href":"http:\/\/www.campingtornio.com\/wp-json\/wp\/v2\/pages\/21"}],"collection":[{"href":"http:\/\/www.campingtornio.com\/wp-json\/wp\/v2\/pages"}],"about":[{"href":"http:\/\/www.campingtornio.com\/wp-json\/wp\/v2\/types\/page"}],"author":[{"embeddable":true,"href":"http:\/\/www.campingtornio.com\/wp-json\/wp\/v2\/users\/1"}],"replies":[{"embeddable":true,"href":"http:\/\/www.campingtornio.com\/wp-json\/wp\/v2\/comments?post=21"}],"version-history":[{"count":31,"href":"http:\/\/www.campingtornio.com\/wp-json\/wp\/v2\/pages\/21\/revisions"}],"predecessor-version":[{"id":319,"href":"http:\/\/www.campingtornio.com\/wp-json\/wp\/v2\/pages\/21\/revisions\/319"}],"wp:attachment":[{"href":"http:\/\/www.campingtornio.com\/wp-json\/wp\/v2\/media?parent=21"}],"curies":[{"name":"wp","href":"https:\/\/api.w.org\/{rel}","templated":true}]}}